{"id":8169,"date":"2021-01-26T18:13:48","date_gmt":"2021-01-26T18:13:48","guid":{"rendered":"https:\/\/viabiliti.msgfactory.com\/?page_id=8169"},"modified":"2021-05-20T12:42:42","modified_gmt":"2021-05-20T12:42:42","slug":"energias-renovaveis","status":"publish","type":"page","link":"https:\/\/viability.pt\/en\/area-de-negocio\/energias-renovaveis\/","title":{"rendered":"Renewable Energy"},"content":{"rendered":"<div data-elementor-type=\"wp-page\" data-elementor-id=\"8169\" class=\"elementor elementor-8169\">\n\t\t\t\t\t\t\t\t\t<section class=\"elementor-section elementor-top-section elementor-element elementor-element-09a954c elementor-section-boxed elementor-section-height-default elementor-section-height-default\" data-id=\"09a954c\" data-element_type=\"section\" data-settings=\"{&quot;background_background&quot;:&quot;classic&quot;}\">\n\t\t\t\t\t\t<div class=\"elementor-container elementor-column-gap-default\">\n\t\t\t\t\t<div class=\"elementor-column elementor-col-100 elementor-top-column elementor-element elementor-element-2adcc36\" data-id=\"2adcc36\" data-element_type=\"column\">\n\t\t\t<div class=\"elementor-widget-wrap elementor-element-populated\">\n\t\t\t\t\t\t\t\t<div class=\"elementor-element elementor-element-60aab68 elementor-widget elementor-widget-vc_custom_heading\" data-id=\"60aab68\" data-element_type=\"widget\" data-widget_type=\"vc_custom_heading.default\">\n\t\t\t\t<div class=\"elementor-widget-container\">\n\t\t\t<div class=\"vc_custom_heading  consulting_heading_font  text_align_left\" ><h2 style=\"text-align: left;font-weight:700\" class=\"consulting-custom-title\">Renewable Energy\n<\/h2><\/div>\t\t<\/div>\n\t\t\t\t<\/div>\n\t\t\t\t<section class=\"elementor-section elementor-top-section elementor-element elementor-element-0c98a88 elementor-section-boxed elementor-section-height-default elementor-section-height-default\" data-id=\"0c98a88\" data-element_type=\"section\" data-settings=\"{&quot;background_background&quot;:&quot;classic&quot;}\">\n\t\t\t\t\t\t<div class=\"elementor-container elementor-column-gap-default\">\n\t\t\t\t\t<div class=\"elementor-column elementor-col-50 elementor-top-column elementor-element elementor-element-8d45b1c\" data-id=\"8d45b1c\" data-element_type=\"column\">\n\t\t\t<div class=\"elementor-widget-wrap elementor-element-populated\">\n\t\t\t\t\t\t\t\t<div class=\"elementor-element elementor-element-cacc6e9 elementor-widget elementor-widget-image\" data-id=\"cacc6e9\" data-element_type=\"widget\" data-widget_type=\"image.default\">\n\t\t\t\t<div class=\"elementor-widget-container\">\n\t\t\t\t\t\t\t\t\t\t\t\t\t\t\t<img decoding=\"async\" width=\"398\" height=\"352\" src=\"https:\/\/viability.pt\/wp-content\/uploads\/2021\/01\/renewable_energy_by_viabiliti.jpg\" class=\"attachment-large size-large wp-image-8179\" alt=\"\" loading=\"lazy\" srcset=\"https:\/\/viability.pt\/wp-content\/uploads\/2021\/01\/renewable_energy_by_viabiliti.jpg 398w, https:\/\/viability.pt\/wp-content\/uploads\/2021\/01\/renewable_energy_by_viabiliti-300x265.jpg 300w\" sizes=\"(max-width: 398px) 100vw, 398px\" \/>\t\t\t\t\t\t\t\t\t\t\t\t\t\t\t<\/div>\n\t\t\t\t<\/div>\n\t\t\t\t\t<\/div>\n\t\t<\/div>\n\t\t\t\t<div class=\"elementor-column elementor-col-50 elementor-top-column elementor-element elementor-element-cc80f71\" data-id=\"cc80f71\" data-element_type=\"column\">\n\t\t\t<div class=\"elementor-widget-wrap elementor-element-populated\">\n\t\t\t\t\t\t\t\t<div class=\"elementor-element elementor-element-4af6328 elementor-widget elementor-widget-vc_custom_heading\" data-id=\"4af6328\" data-element_type=\"widget\" data-widget_type=\"vc_custom_heading.default\">\n\t\t\t\t<div class=\"elementor-widget-container\">\n\t\t\t<div class=\"vc_custom_heading no_stripe remove_padding consulting_heading_font  text_align_left\" ><h6 style=\"text-align: left;line-height: 26px;font-weight:500\" class=\"consulting-custom-title\">New challenges are constantly being posed to investors in relation to RENEWABLE ENERGY opportunities. Viability has an experienced team that is the ideal partner to study sources of financing suitable for each project and to ensure the efficient implementation of any investment. \n<\/h6><\/div>\t\t<\/div>\n\t\t\t\t<\/div>\n\t\t\t\t<div class=\"elementor-element elementor-element-47e9f8e elementor-widget elementor-widget-text-editor\" data-id=\"47e9f8e\" data-element_type=\"widget\" data-widget_type=\"text-editor.default\">\n\t\t\t\t<div class=\"elementor-widget-container\">\n\t\t\t\t\t\t\t<p style=\"line-height: 22px;\">Since 2006, the company has been associated with planning, the study of financial coverage and the development of various financing processes<\/p>\n\t\t\t\t\t\t<\/div>\n\t\t\t\t<\/div>\n\t\t\t\t\t<\/div>\n\t\t<\/div>\n\t\t\t\t\t\t\t<\/div>\n\t\t<\/section>\n\t\t\t\t<div class=\"elementor-element elementor-element-001e794 elementor-widget elementor-widget-text-editor\" data-id=\"001e794\" data-element_type=\"widget\" data-widget_type=\"text-editor.default\">\n\t\t\t\t<div class=\"elementor-widget-container\">\n\t\t\t\t\t\t\t<p style=\"line-height: 22px;\">associated with projects in the area of RENEWABLE ENERGY, from the simple execution of a new company assembly line, to the overall concept of research processes and technological development.<\/p>\n\t\t\t\t\t\t<\/div>\n\t\t\t\t<\/div>\n\t\t\t\t<div class=\"elementor-element elementor-element-cf4f76c elementor-widget elementor-widget-text-editor\" data-id=\"cf4f76c\" data-element_type=\"widget\" data-widget_type=\"text-editor.default\">\n\t\t\t\t<div class=\"elementor-widget-container\">\n\t\t\t\t\t\t\t<p style=\"line-height: 22px;\">Working with either small companies or large multinationals, services of defining financing sources, developing a business plan, establishing the negotiation process with financing entities, following up during the negotiation phase and managing payment requests are provided by Viability's dynamic, young, entrepreneurial and experienced team, a team which is clearly oriented towards results and to being the ideal investment partner.<\/p>\n\t\t\t\t\t\t<\/div>\n\t\t\t\t<\/div>\n\t\t\t\t<div class=\"elementor-element elementor-element-8f697c8 elementor-hidden-desktop elementor-hidden-tablet elementor-hidden-phone elementor-widget elementor-widget-text-editor\" data-id=\"8f697c8\" data-element_type=\"widget\" data-widget_type=\"text-editor.default\">\n\t\t\t\t<div class=\"elementor-widget-container\">\n\t\t\t\t\t\t\t<p style=\"line-height: 22px;\">Novas oportunidades de neg\u00f3cio se avizinham e a <strong>Viability<\/strong> \u00e9 o l\u00f3gico parceiro.<\/p>\n\t\t\t\t\t\t<\/div>\n\t\t\t\t<\/div>\n\t\t\t\t<div class=\"elementor-element elementor-element-2a54b14 elementor-widget-divider--view-line elementor-widget elementor-widget-divider\" data-id=\"2a54b14\" data-element_type=\"widget\" data-widget_type=\"divider.default\">\n\t\t\t\t<div class=\"elementor-widget-container\">\n\t\t\t\t\t<div class=\"elementor-divider\">\n\t\t\t<span class=\"elementor-divider-separator\">\n\t\t\t\t\t\t<\/span>\n\t\t<\/div>\n\t\t\t\t<\/div>\n\t\t\t\t<\/div>\n\t\t\t\t<section class=\"elementor-section elementor-top-section elementor-element elementor-element-0337856 elementor-hidden-desktop elementor-hidden-tablet elementor-hidden-phone elementor-section-boxed elementor-section-height-default elementor-section-height-default\" data-id=\"0337856\" data-element_type=\"section\" data-settings=\"{&quot;background_background&quot;:&quot;classic&quot;}\">\n\t\t\t\t\t\t<div class=\"elementor-container elementor-column-gap-default\">\n\t\t\t\t\t<div class=\"elementor-column elementor-col-25 elementor-top-column elementor-element elementor-element-75bc284\" data-id=\"75bc284\" data-element_type=\"column\" data-settings=\"{&quot;background_background&quot;:&quot;classic&quot;}\">\n\t\t\t<div class=\"elementor-widget-wrap elementor-element-populated\">\n\t\t\t\t\t\t\t\t<div class=\"elementor-element elementor-element-78bd081 elementor-widget elementor-widget-vc_custom_heading\" data-id=\"78bd081\" data-element_type=\"widget\" data-widget_type=\"vc_custom_heading.default\">\n\t\t\t\t<div class=\"elementor-widget-container\">\n\t\t\t<div class=\"vc_custom_heading  consulting_heading_font  text_align_right\" ><h3 style=\"font-size: 24px;color: #222222;text-align: right;line-height: 30px;font-weight:700\" class=\"consulting-custom-title\">solution\n<\/h3><\/div>\t\t<\/div>\n\t\t\t\t<\/div>\n\t\t\t\t\t<\/div>\n\t\t<\/div>\n\t\t\t\t<div class=\"elementor-column elementor-col-75 elementor-top-column elementor-element elementor-element-f79cbff\" data-id=\"f79cbff\" data-element_type=\"column\" data-settings=\"{&quot;background_background&quot;:&quot;classic&quot;}\">\n\t\t\t<div class=\"elementor-widget-wrap elementor-element-populated\">\n\t\t\t\t\t\t\t\t<div class=\"elementor-element elementor-element-75e5f1f elementor-widget elementor-widget-text-editor\" data-id=\"75e5f1f\" data-element_type=\"widget\" data-widget_type=\"text-editor.default\">\n\t\t\t\t<div class=\"elementor-widget-container\">\n\t\t\t\t\t\t\t<p>The solution WP consulting came up with combined cutting edge technology with real world practicality. Everyone knew that the systems had to be updated, the real challenge was updating them without disrupting the whole organization in a negative way. The solution was to introduce proper workload management done through computers, while providing mobile platforms to the stakeholders.<\/p>\n<p>This allowed the workers to be involved in the job instead of feeling like they had been made redundant by technology.<\/p>\n\t\t\t\t\t\t<\/div>\n\t\t\t\t<\/div>\n\t\t\t\t\t<\/div>\n\t\t<\/div>\n\t\t\t\t\t\t\t<\/div>\n\t\t<\/section>\n\t\t\t\t<div class=\"elementor-element elementor-element-674421c elementor-hidden-desktop elementor-hidden-tablet elementor-hidden-phone elementor-widget-divider--view-line elementor-widget elementor-widget-divider\" data-id=\"674421c\" data-element_type=\"widget\" data-widget_type=\"divider.default\">\n\t\t\t\t<div class=\"elementor-widget-container\">\n\t\t\t\t\t<div class=\"elementor-divider\">\n\t\t\t<span class=\"elementor-divider-separator\">\n\t\t\t\t\t\t<\/span>\n\t\t<\/div>\n\t\t\t\t<\/div>\n\t\t\t\t<\/div>\n\t\t\t\t<section class=\"elementor-section elementor-top-section elementor-element elementor-element-c1e76fa elementor-hidden-desktop elementor-hidden-tablet elementor-hidden-phone elementor-section-boxed elementor-section-height-default elementor-section-height-default\" data-id=\"c1e76fa\" data-element_type=\"section\">\n\t\t\t\t\t\t<div class=\"elementor-container elementor-column-gap-default\">\n\t\t\t\t\t<div class=\"elementor-column elementor-col-25 elementor-top-column elementor-element elementor-element-67fceb8\" data-id=\"67fceb8\" data-element_type=\"column\" data-settings=\"{&quot;background_background&quot;:&quot;classic&quot;}\">\n\t\t\t<div class=\"elementor-widget-wrap elementor-element-populated\">\n\t\t\t\t\t\t\t\t<div class=\"elementor-element elementor-element-ad19c61 elementor-widget elementor-widget-vc_custom_heading\" data-id=\"ad19c61\" data-element_type=\"widget\" data-widget_type=\"vc_custom_heading.default\">\n\t\t\t\t<div class=\"elementor-widget-container\">\n\t\t\t<div class=\"vc_custom_heading  consulting_heading_font  text_align_right\" ><h3 style=\"font-size: 24px;color: #222222;text-align: right;line-height: 30px;font-weight:700\" class=\"consulting-custom-title\">results\n<\/h3><\/div>\t\t<\/div>\n\t\t\t\t<\/div>\n\t\t\t\t\t<\/div>\n\t\t<\/div>\n\t\t\t\t<div class=\"elementor-column elementor-col-75 elementor-top-column elementor-element elementor-element-b2dc24f\" data-id=\"b2dc24f\" data-element_type=\"column\" data-settings=\"{&quot;background_background&quot;:&quot;classic&quot;}\">\n\t\t\t<div class=\"elementor-widget-wrap elementor-element-populated\">\n\t\t\t\t\t\t\t\t<div class=\"elementor-element elementor-element-4fb11ea elementor-widget elementor-widget-text-editor\" data-id=\"4fb11ea\" data-element_type=\"widget\" data-widget_type=\"text-editor.default\">\n\t\t\t\t<div class=\"elementor-widget-container\">\n\t\t\t\t\t\t\t<p>Arguzo employees are now more empowered; Arguzo also has the benefit of generating reports instantaneously whenever needed. They can now make decisions on the fly based on the latest real time data.<\/p>\n<p>The effort vastly improved the company&#8217;s planning and execution functions, created and implemented a new stock policy that accounted for specific SKUs and key variables, streamlined the order preparation process and reduced distribution transport times.<\/p>\n<p>By the numbers, the effort:<\/p>\n<ul style=\"font-size: 13px; line-height: 22px;\">\n<li><strong>Reduced lead time by 43%<\/strong><\/li>\n<li><strong>Decreased variability by 50%<\/strong><\/li>\n<li><strong>Lowered the risk of back-order by 95%<\/strong><\/li>\n<li><strong>Increased stock for finished goods by 10%<\/strong><\/li>\n<\/ul>\n\t\t\t\t\t\t<\/div>\n\t\t\t\t<\/div>\n\t\t\t\t<div class=\"elementor-element elementor-element-0dd3c5e elementor-widget elementor-widget-stm_charts\" data-id=\"0dd3c5e\" data-element_type=\"widget\" data-widget_type=\"stm_charts.default\">\n\t\t\t\t<div class=\"elementor-widget-container\">\n\t\t\t    <div class=\"stm_chart stm_charts legend_position_bottom\">\n        <canvas id=\"chart_69e5c2d2783be\"\n                width=\"611\"\n                height=\"400\"><\/canvas>\n        <script type=\"text\/javascript\">\n\n            jQuery(window).on('load', function ($) {\n                var showLegend = false;\n                                showLegend = true;\n                                var ChartData_chart_69e5c2d2783be = {\"datasets\":[{\"label\":\"One\",\"fillColor\":\"rgba(254, 108, 97, 0.8)\",\"strokeColor\":\"rgba(254, 108, 97, 0)\",\"backgroundColor\":\"rgba(254, 108, 97, 1)\",\"highlightStroke\":\"rgba(254, 108, 97, 1)\",\"pointColor\":\"#fe6c61\",\"data\":[\"10\",\" 15\",\" 20\",\" 25\",\" 27\",\" 25\",\" 23\",\" 25\"]},{\"label\":\"Two\",\"fillColor\":\"rgba(84, 114, 210, 0.8)\",\"strokeColor\":\"rgba(84, 114, 210, 0)\",\"backgroundColor\":\"rgba(84, 114, 210, 1)\",\"highlightStroke\":\"rgba(84, 114, 210, 1)\",\"pointColor\":\"#5472d2\",\"data\":[\"25\",\" 18\",\" 16\",\" 17\",\" 20\",\" 25\",\" 30\",\" 35\"]}],\"labels\":[\"JAN\",\" FEB\",\" MAR\",\" APR\",\" MAY\",\" JUN\",\" JUL\",\" AUG\"]};\n                var chart_69e5c2d2783be = jQuery(\"#chart_69e5c2d2783be\").get(0).getContext(\"2d\");\n                chart_69e5c2d2783be.\n                canvas.width = 611;\n                chart_69e5c2d2783be.\n                canvas.height = 400;\n\n                var stackedLine = new Chart(chart_69e5c2d2783be, {\n                    type: 'bar',\n                    data: ChartData_chart_69e5c2d2783be,\n                    options: {\n                        'legend': {\n                            'position': 'bottom',\n                            'display': showLegend\n                        },\n                        'responsive': true,\n                        maintainAspectRatio: false\n                    }\n                });\n            });\n\n\n        <\/script>\n    <\/div>\n\t\t<\/div>\n\t\t\t\t<\/div>\n\t\t\t\t\t<\/div>\n\t\t<\/div>\n\t\t\t\t\t\t\t<\/div>\n\t\t<\/section>\n\t\t\t\t\t<\/div>\n\t\t<\/div>\n\t\t\t\t<div class=\"elementor-column elementor-col-25 elementor-top-column elementor-element elementor-element-18256cb elementor-hidden-tablet elementor-hidden-phone\" data-id=\"18256cb\" data-element_type=\"column\">\n\t\t\t<div class=\"elementor-widget-wrap elementor-element-populated\">\n\t\t\t\t\t\t\t\t<div class=\"elementor-element elementor-element-f66233c elementor-widget elementor-widget-stm_sidebar\" data-id=\"f66233c\" data-element_type=\"widget\" data-widget_type=\"stm_sidebar.default\">\n\t\t\t\t<div class=\"elementor-widget-container\">\n\t\t\t\n<div class=\"stm_sidebar consulting_elementor_sidebar\">\n\n            \t\t<div data-elementor-type=\"wp-post\" data-elementor-id=\"8202\" class=\"elementor elementor-8202\">\n\t\t\t\t\t\t\t\t\t<section class=\"elementor-section elementor-top-section elementor-element elementor-element-a648b80 elementor-section-boxed elementor-section-height-default elementor-section-height-default\" data-id=\"a648b80\" data-element_type=\"section\" data-settings=\"{&quot;background_background&quot;:&quot;classic&quot;}\">\n\t\t\t\t\t\t<div class=\"elementor-container elementor-column-gap-default\">\n\t\t\t\t\t<div class=\"elementor-column elementor-col-100 elementor-top-column elementor-element elementor-element-36fc6eb\" data-id=\"36fc6eb\" data-element_type=\"column\" data-settings=\"{&quot;background_background&quot;:&quot;classic&quot;}\">\n\t\t\t<div class=\"elementor-widget-wrap elementor-element-populated\">\n\t\t\t\t\t\t\t\t<div class=\"elementor-element elementor-element-615fabe elementor-widget elementor-widget-heading\" data-id=\"615fabe\" data-element_type=\"widget\" data-widget_type=\"heading.default\">\n\t\t\t\t<div class=\"elementor-widget-container\">\n\t\t\t<h6 class=\"elementor-heading-title elementor-size-medium\"><a href=\"\/en\/energias-renovaveis\/\">Renewable Energy<\/a><\/h6>\t\t<\/div>\n\t\t\t\t<\/div>\n\t\t\t\t<div class=\"elementor-element elementor-element-5a19c81 elementor-position-top elementor-widget elementor-widget-image-box\" data-id=\"5a19c81\" data-element_type=\"widget\" data-widget_type=\"image-box.default\">\n\t\t\t\t<div class=\"elementor-widget-container\">\n\t\t\t<div class=\"elementor-image-box-wrapper\"><figure class=\"elementor-image-box-img\"><a href=\"\/en\/energias-renovaveis\/\"><img decoding=\"async\" width=\"800\" height=\"533\" src=\"https:\/\/viability.pt\/wp-content\/uploads\/2021\/01\/Renewable_energy_med.jpg\" class=\"attachment-full size-full wp-image-8219\" alt=\"\" loading=\"lazy\" srcset=\"https:\/\/viability.pt\/wp-content\/uploads\/2021\/01\/Renewable_energy_med.jpg 800w, https:\/\/viability.pt\/wp-content\/uploads\/2021\/01\/Renewable_energy_med-300x200.jpg 300w, https:\/\/viability.pt\/wp-content\/uploads\/2021\/01\/Renewable_energy_med-768x512.jpg 768w\" sizes=\"(max-width: 800px) 100vw, 800px\" \/><\/a><\/figure><\/div>\t\t<\/div>\n\t\t\t\t<\/div>\n\t\t\t\t\t<\/div>\n\t\t<\/div>\n\t\t\t\t\t\t\t<\/div>\n\t\t<\/section>\n\t\t\t\t<section class=\"elementor-section elementor-top-section elementor-element elementor-element-34dca3b elementor-section-boxed elementor-section-height-default elementor-section-height-default\" data-id=\"34dca3b\" data-element_type=\"section\" data-settings=\"{&quot;background_background&quot;:&quot;classic&quot;}\">\n\t\t\t\t\t\t<div class=\"elementor-container elementor-column-gap-default\">\n\t\t\t\t\t<div class=\"elementor-column elementor-col-100 elementor-top-column elementor-element elementor-element-33a167b\" data-id=\"33a167b\" data-element_type=\"column\" data-settings=\"{&quot;background_background&quot;:&quot;classic&quot;}\">\n\t\t\t<div class=\"elementor-widget-wrap elementor-element-populated\">\n\t\t\t\t\t\t\t\t<div class=\"elementor-element elementor-element-485e929 elementor-widget elementor-widget-heading\" data-id=\"485e929\" data-element_type=\"widget\" data-widget_type=\"heading.default\">\n\t\t\t\t<div class=\"elementor-widget-container\">\n\t\t\t<h6 class=\"elementor-heading-title elementor-size-medium\"><a href=\"\/en\/turismo\/\">Tourism<\/a><\/h6>\t\t<\/div>\n\t\t\t\t<\/div>\n\t\t\t\t<div class=\"elementor-element elementor-element-5f6a0e4 elementor-position-top elementor-widget elementor-widget-image-box\" data-id=\"5f6a0e4\" data-element_type=\"widget\" data-widget_type=\"image-box.default\">\n\t\t\t\t<div class=\"elementor-widget-container\">\n\t\t\t<div class=\"elementor-image-box-wrapper\"><figure class=\"elementor-image-box-img\"><a href=\"\/en\/turismo\/\"><img decoding=\"async\" width=\"398\" height=\"352\" src=\"https:\/\/viability.pt\/wp-content\/uploads\/2021\/01\/tourism_by_viabiliti.jpg\" class=\"attachment-full size-full wp-image-8232\" alt=\"tourism_by_viabiliti\" loading=\"lazy\" srcset=\"https:\/\/viability.pt\/wp-content\/uploads\/2021\/01\/tourism_by_viabiliti.jpg 398w, https:\/\/viability.pt\/wp-content\/uploads\/2021\/01\/tourism_by_viabiliti-300x265.jpg 300w\" sizes=\"(max-width: 398px) 100vw, 398px\" \/><\/a><\/figure><\/div>\t\t<\/div>\n\t\t\t\t<\/div>\n\t\t\t\t\t<\/div>\n\t\t<\/div>\n\t\t\t\t\t\t\t<\/div>\n\t\t<\/section>\n\t\t\t\t\t\t\t<\/div>\n\t\t    \n<\/div>\t\t<\/div>\n\t\t\t\t<\/div>\n\t\t\t\t\t<\/div>\n\t\t<\/div>\n\t\t\t\t\t\t\t<\/div>\n\t\t<\/section>\n\t\t\t\t<section class=\"elementor-section elementor-top-section elementor-element elementor-element-1b83c14 third_bg_color elementor-section-boxed elementor-section-height-default elementor-section-height-default\" data-id=\"1b83c14\" data-element_type=\"section\" data-settings=\"{&quot;background_background&quot;:&quot;classic&quot;}\">\n\t\t\t\t\t\t<div class=\"elementor-container elementor-column-gap-default\">\n\t\t\t\t\t<div class=\"elementor-column elementor-col-100 elementor-top-column elementor-element elementor-element-a0712c5\" data-id=\"a0712c5\" data-element_type=\"column\">\n\t\t\t<div class=\"elementor-widget-wrap elementor-element-populated\">\n\t\t\t\t\t\t\t\t<div class=\"elementor-element elementor-element-6aaba7a elementor-widget elementor-widget-vc_cta\" data-id=\"6aaba7a\" data-element_type=\"widget\" data-widget_type=\"vc_cta.default\">\n\t\t\t\t<div class=\"elementor-widget-container\">\n\t\t\t\n<div class=\"ce_cta ce_cta_3e1795739244e4a8063a916fa4036ee3 ce_text_left third_bg_color add_button_right btn_align_right btn_button_block_true btn_has_icon btn_has_icon_on_the_right\" id=\"\">\n\n    <div class=\"ce_cta__content\">\n        <div class=\"ce_cta__content__header\">\n            <h2  class='ce_cta__content__title'>Are you looking for excellent Financial Advice?<\/h2>                    <\/div>\n\n        \n    <\/div>\n\n    \n        <div class=\"ce_cta__action\">\n            <a href=\"https:\/\/viability.pt\/en\/contactos\/\"\n                              target=\"_self\"\n               class=\"button\">\n                <span>Contact Viability<\/span>\n                                    <i class=\"fa fa-chevron-right\"><\/i>\n                            <\/a>\n        <\/div>\n\n    \n<\/div>\n\t\t<\/div>\n\t\t\t\t<\/div>\n\t\t\t\t\t<\/div>\n\t\t<\/div>\n\t\t\t\t\t\t\t<\/div>\n\t\t<\/section>\n\t\t\t\t\t\t\t<\/div>","protected":false},"excerpt":{"rendered":"<p>Energias Renov\u00e1veis Novos desafios est\u00e3o constantemente a ser colocados aos investidores quanto a oportunidades na \u00e1rea das ENERGIAS RENOV\u00c1VEIS. A Viability possui uma equipa experiente que pode tornar-se no parceiro apropriado para estudar as fontes de financiamento adequadas ao projeto e tornar eficiente a implementa\u00e7\u00e3o do investimento. Desde 2006 que esta empresa se encontra associada<\/p>","protected":false},"author":1,"featured_media":0,"parent":8248,"menu_order":0,"comment_status":"closed","ping_status":"closed","template":"","meta":[],"yoast_head":"<!-- This site is optimized with the Yoast SEO plugin v16.3 - https:\/\/yoast.com\/wordpress\/plugins\/seo\/ -->\n<title>Viability - Energias Renov\u00e1veis<\/title>\n<meta name=\"description\" content=\"Empresa associada ao planeamento e desenvolvimento de processos de financiamento a projetos na \u00e1rea das Energias Renov\u00e1veis. Saiba Mais\" \/>\n<meta name=\"robots\" content=\"index, follow, max-snippet:-1, max-image-preview:large, max-video-preview:-1\" \/>\n<link rel=\"canonical\" href=\"https:\/\/viability.pt\/en\/area-de-negocio\/energias-renovaveis\/\" \/>\n<meta property=\"og:locale\" content=\"en_GB\" \/>\n<meta property=\"og:type\" content=\"article\" \/>\n<meta property=\"og:title\" content=\"Viability - Energias Renov\u00e1veis\" \/>\n<meta property=\"og:description\" content=\"Empresa associada ao planeamento e desenvolvimento de processos de financiamento a projetos na \u00e1rea das Energias Renov\u00e1veis. Saiba Mais\" \/>\n<meta property=\"og:url\" content=\"https:\/\/viability.pt\/en\/area-de-negocio\/energias-renovaveis\/\" \/>\n<meta property=\"og:site_name\" content=\"Viability\" \/>\n<meta property=\"article:modified_time\" content=\"2021-05-20T12:42:42+00:00\" \/>\n<meta property=\"og:image\" content=\"https:\/\/viabiliti.msgfactory.com\/wp-content\/uploads\/2021\/01\/renewable_energy_by_viabiliti.jpg\" \/>\n<meta name=\"twitter:card\" content=\"summary_large_image\" \/>\n<meta name=\"twitter:label1\" content=\"Estimated reading time\">\n\t<meta name=\"twitter:data1\" content=\"3 minutes\">\n<script type=\"application\/ld+json\" class=\"yoast-schema-graph\">{\"@context\":\"https:\/\/schema.org\",\"@graph\":[{\"@type\":\"WebSite\",\"@id\":\"https:\/\/viability.pt\/#website\",\"url\":\"https:\/\/viability.pt\/\",\"name\":\"Viability\",\"description\":\"Financial Management\",\"potentialAction\":[{\"@type\":\"SearchAction\",\"target\":\"https:\/\/viability.pt\/?s={search_term_string}\",\"query-input\":\"required name=search_term_string\"}],\"inLanguage\":\"en-GB\"},{\"@type\":\"ImageObject\",\"@id\":\"https:\/\/viability.pt\/area-de-negocio\/energias-renovaveis\/#primaryimage\",\"inLanguage\":\"en-GB\",\"url\":\"https:\/\/viabiliti.msgfactory.com\/wp-content\/uploads\/2021\/01\/renewable_energy_by_viabiliti.jpg\",\"contentUrl\":\"https:\/\/viabiliti.msgfactory.com\/wp-content\/uploads\/2021\/01\/renewable_energy_by_viabiliti.jpg\"},{\"@type\":\"WebPage\",\"@id\":\"https:\/\/viability.pt\/area-de-negocio\/energias-renovaveis\/#webpage\",\"url\":\"https:\/\/viability.pt\/area-de-negocio\/energias-renovaveis\/\",\"name\":\"Viability - Energias Renov\\u00e1veis\",\"isPartOf\":{\"@id\":\"https:\/\/viability.pt\/#website\"},\"primaryImageOfPage\":{\"@id\":\"https:\/\/viability.pt\/area-de-negocio\/energias-renovaveis\/#primaryimage\"},\"datePublished\":\"2021-01-26T18:13:48+00:00\",\"dateModified\":\"2021-05-20T12:42:42+00:00\",\"description\":\"Empresa associada ao planeamento e desenvolvimento de processos de financiamento a projetos na \\u00e1rea das Energias Renov\\u00e1veis. Saiba Mais\",\"breadcrumb\":{\"@id\":\"https:\/\/viability.pt\/area-de-negocio\/energias-renovaveis\/#breadcrumb\"},\"inLanguage\":\"en-GB\",\"potentialAction\":[{\"@type\":\"ReadAction\",\"target\":[\"https:\/\/viability.pt\/area-de-negocio\/energias-renovaveis\/\"]}]},{\"@type\":\"BreadcrumbList\",\"@id\":\"https:\/\/viability.pt\/area-de-negocio\/energias-renovaveis\/#breadcrumb\",\"itemListElement\":[{\"@type\":\"ListItem\",\"position\":1,\"item\":{\"@type\":\"WebPage\",\"@id\":\"https:\/\/viability.pt\/\",\"url\":\"https:\/\/viability.pt\/\",\"name\":\"Home\"}},{\"@type\":\"ListItem\",\"position\":2,\"item\":{\"@type\":\"WebPage\",\"@id\":\"https:\/\/viability.pt\/area-de-negocio\/\",\"url\":\"https:\/\/viability.pt\/area-de-negocio\/\",\"name\":\"\\u00c1rea de Neg\\u00f3cio\"}},{\"@type\":\"ListItem\",\"position\":3,\"item\":{\"@id\":\"https:\/\/viability.pt\/area-de-negocio\/energias-renovaveis\/#webpage\"}}]}]}<\/script>\n<!-- \/ Yoast SEO plugin. -->","_links":{"self":[{"href":"https:\/\/viability.pt\/en\/wp-json\/wp\/v2\/pages\/8169"}],"collection":[{"href":"https:\/\/viability.pt\/en\/wp-json\/wp\/v2\/pages"}],"about":[{"href":"https:\/\/viability.pt\/en\/wp-json\/wp\/v2\/types\/page"}],"author":[{"embeddable":true,"href":"https:\/\/viability.pt\/en\/wp-json\/wp\/v2\/users\/1"}],"replies":[{"embeddable":true,"href":"https:\/\/viability.pt\/en\/wp-json\/wp\/v2\/comments?post=8169"}],"version-history":[{"count":0,"href":"https:\/\/viability.pt\/en\/wp-json\/wp\/v2\/pages\/8169\/revisions"}],"up":[{"embeddable":true,"href":"https:\/\/viability.pt\/en\/wp-json\/wp\/v2\/pages\/8248"}],"wp:attachment":[{"href":"https:\/\/viability.pt\/en\/wp-json\/wp\/v2\/media?parent=8169"}],"curies":[{"name":"wp","href":"https:\/\/api.w.org\/{rel}","templated":true}]}}